{"id":264,"date":"2021-12-02T09:46:43","date_gmt":"2021-12-02T08:46:43","guid":{"rendered":"https:\/\/podone.io\/?page_id=264"},"modified":"2023-07-07T11:51:17","modified_gmt":"2023-07-07T09:51:17","slug":"gioco-dazzardo-online-in-svizzera-consigli-su-come-trovare-i-migliori-casino-online","status":"publish","type":"page","link":"https:\/\/podone.io\/it\/","title":{"rendered":"Gioco d\u2019azzardo online in Svizzera: Consigli su come trovare i migliori casin\u00f2 online"},"content":{"rendered":"\n<p>Nell\u2019articolo di oggi andremo a vedere quali sono i consigli principali da tenere bene a mente quando si vuole scegliere una piattaforma di gioco d\u2019azzardo online in Svizzera, in modo che, in completa autonomia, potrete trovare i migliori casin\u00f2 online presenti attualmente sul mercato.<\/p>\n\n\n\n<!--more-->\n\n\n\n<h2>Gioco d\u2019azzardo online in Svizzera: cosa cercare in un Casin\u00f2 Online<\/h2>\n\n\n\n<p>Se non hai idea del gioco d&#8217;azzardo online e non hai mai giocato in un casin\u00f2 online, cosa dovresti fare come primo passo?<\/p>\n\n\n\n<p>Trova la lista con i migliori casino online Svizzera: <a href=\"https:\/\/casinosvizzera.online\">https:\/\/casinosvizzera.online<\/a><\/p>\n\n\n\n<figure class=\"wp-block-image size-large\"><span itemprop=\"image\" itemscope itemtype=\"https:\/\/schema.org\/ImageObject\"><img itemprop=\"url image\" loading=\"lazy\" width=\"680\" height=\"209\" src=\"https:\/\/podone.io\/wp-content\/uploads\/2021\/12\/Nomini-casino.jpg\" alt=\"Nomini casino\" class=\"wp-image-298\" srcset=\"https:\/\/podone.io\/wp-content\/uploads\/2021\/12\/Nomini-casino.jpg 680w, https:\/\/podone.io\/wp-content\/uploads\/2021\/12\/Nomini-casino-300x92.jpg 300w\" sizes=\"(max-width: 680px) 100vw, 680px\" \/><meta itemprop=\"width\" content=\"680\"><meta itemprop=\"height\" content=\"209\"><\/span><\/figure>\n\n\n\n<p>Questo \u00e8 un po\u2019 complicato perch\u00e9 non esiste una risposta univoca al dilemma. Dipender\u00e0 in modo significativo da cosa esattamente stai cercando, ad esempio, sei interessato a giocare alle slot o preferisci i giochi da tavolo, se desideri o meno un grande bonus di benvenuto per accompagnare il tuo deposito iniziale o questo \u00e8 non \u00e8 cos\u00ec importante, ecc.<\/p>\n\n\n\n<p>Tutti questi aspetti verranno esaminati in dettaglio pi\u00f9 avanti in questa guida al gioco d&#8217;azzardo online in Svizzera, ma la prima cosa che devi sapere sul tuo sito di casin\u00f2 preferito \u00e8 se si tratta di un&#8217;operazione commerciale onesta e affidabile. Sarai in grado di determinarlo guardando un paio di fattori.<\/p>\n\n\n\n<p>Leggi anche: <a href=\"https:\/\/podone.io\/it\/yggdrasil\/\">Le migliori Slot Machines Yggdrasil<\/a>.<\/p>\n\n\n\n<h3>Licenza<\/h3>\n\n\n\n<p>I casin\u00f2 online, almeno quelli rispettabili, sono autorizzati da autorit\u00e0 indipendenti e\/o governative. Esistono diverse autorit\u00e0 di questo tipo e puoi trovare maggiori dettagli a riguardo online.<br><br>Tuttavia, senza sapere nulla su di loro, \u00e8 sufficiente dire che vorrai giocare in un casin\u00f2 online che mostra una licenza di un&#8217;organizzazione come la CFMJ, ovvero l\u2019autorit\u00e0 incaricata di rilasciare le licenze per le piattaforme di gioco d\u2019azzardo online in Svizzera.<\/p>\n\n\n\n<figure class=\"wp-block-image size-large\"><span itemprop=\"image\" itemscope itemtype=\"https:\/\/schema.org\/ImageObject\"><img itemprop=\"url image\" loading=\"lazy\" width=\"680\" height=\"442\" src=\"https:\/\/podone.io\/wp-content\/uploads\/2021\/12\/Rabona-casino.jpg\" alt=\"Rabona casino\" class=\"wp-image-306\" srcset=\"https:\/\/podone.io\/wp-content\/uploads\/2021\/12\/Rabona-casino.jpg 680w, https:\/\/podone.io\/wp-content\/uploads\/2021\/12\/Rabona-casino-300x195.jpg 300w\" sizes=\"(max-width: 680px) 100vw, 680px\" \/><meta itemprop=\"width\" content=\"680\"><meta itemprop=\"height\" content=\"442\"><\/span><\/figure>\n\n\n\n<p>Oltre alla CFMJ, i giocatori svizzeri possono giocare in alcuni <a href=\"https:\/\/podone.io\/it\/casino-non-aams\/\">Casin\u00f2 Stranieri<\/a>, sfruttando una sorta di \u201czona grigia\u201d del regolamento imposto dall\u2019Atto Federale redatto nel 2019. In questo caso, il nostro consiglio \u00e8 quello di cercare piattaforme con <a href=\"https:\/\/www.mga.org.mt\">licenza MGA<\/a> (rilasciata a Malta) o con licenza Curacao, in quanto sono le due tipologie di licenza pi\u00f9 diffuse nei Casin\u00f2 stranieri.<\/p>\n\n\n\n<h3>Esperienza Utente<\/h3>\n\n\n\n<p>Ci\u00f2 che gli scommettitori non vorrebbero mai vedere in una piattaforma di gioco d\u2019azzardo online, \u00e8 trovarsi di fronte ad un sito poco user-friendly e poco intuitivo da utilizzare. Ecco perch\u00e9 l\u2019esperienza utente rappresenta uno dei fattori fondamentali da considerare quando si sceglie un sito come questo.<br><br>Ad aiutare nella scelta, il web viene ancora una volta in nostro soccorso: sono presenti infatti tantissimi forum di discussione circa l\u2019esperienza dei clienti gi\u00e0 iscritti in un determinato Casin\u00f2, che i nuovi scommettitori possono utilizzare come riferimento per cercare di capire se una piattaforma \u00e8 affidabile o meno.<\/p>\n\n\n\n<h2>Altri fattori da tenere in considerazione durante la scelta del miglior Casin\u00f2 Online<\/h2>\n\n\n\n<p>Quelli che abbiamo appena visto, sono i due fattori principali da tenere in considerazione quando si vuole scegliere una piattaforma di gioco d\u2019azzardo in Svizzera. Andiamo per\u00f2 ora a vedere quale altre caratteristiche principali bisogna cercare al fine di trovare il miglior Casin\u00f2 Online.<\/p>\n\n\n\n<h3>Bonus e Promozioni<\/h3>\n\n\n\n<p>Come dicevamo in apertura, la scelta di un sito di giochi da Casin\u00f2 Online dipende molto dalla tipologia di giocatore che si vuole essere. Nel caso in cui si voglia sfruttare quanti pi\u00f9 bonus possibili, allora la sezione dei Bonus e Promozioni sar\u00e0 una delle prime che vorrete analizzare.<\/p>\n\n\n\n<figure class=\"wp-block-image size-large\"><span itemprop=\"image\" itemscope itemtype=\"https:\/\/schema.org\/ImageObject\"><img itemprop=\"url image\" loading=\"lazy\" width=\"680\" height=\"260\" src=\"https:\/\/podone.io\/wp-content\/uploads\/2021\/12\/Gunsbet-casino-promo.jpg\" alt=\"Gunsbet casino promo\" class=\"wp-image-302\" srcset=\"https:\/\/podone.io\/wp-content\/uploads\/2021\/12\/Gunsbet-casino-promo.jpg 680w, https:\/\/podone.io\/wp-content\/uploads\/2021\/12\/Gunsbet-casino-promo-300x115.jpg 300w\" sizes=\"(max-width: 680px) 100vw, 680px\" \/><meta itemprop=\"width\" content=\"680\"><meta itemprop=\"height\" content=\"260\"><\/span><\/figure>\n\n\n\n<p>Un buon casin\u00f2 online offre ai giocatori un sostanzioso Welcome Bonus, al fine di garantire loro un notevole boost iniziale alla loro esperienza, ma garantisce anche numerose offerte promozionali periodiche agli utenti gi\u00e0 iscritti, al fine di viziarli sempre di pi\u00f9 ed aumentare la percezione positiva di una certa piattafoma.<\/p>\n\n\n\n<p>Non solo: i migliori Casin\u00f2 Online sono anche quelli che impongono dei requisiti di scommessa non impossibili da soddisfare, in modo da invogliare gli scommettitori a spendere sempre di pi\u00f9, ma con l\u2019idea di poter ottenere delle ricompense in cambio.<\/p>\n\n\n\n<h3>Programma Fedelt\u00e0<\/h3>\n\n\n\n<p>I migliori siti di gioco d&#8217;azzardo online gestiscono programmi fedelt\u00e0 specifici in cui i giocatori vengono premiati per il loro gioco.<br><br>Al giorno d\u2019oggi, ci sono cos\u00ec tanti modelli diversi che sarebbe impossibile trattarli in questo articolo. Tuttavia, dovresti sempre controllare cosa c&#8217;\u00e8 in offerta e vedere se solletica la tua fantasia.<br><br>Per i giocatori di poco conto, il valore di questi programmi spesso non si trova nei ritorni in denaro, ma piuttosto nell&#8217;elemento divertimento, che \u00e8 qualcosa che stanno iniziando a fare sempre pi\u00f9 i migliori casin\u00f2 online.<\/p>\n\n\n\n<p>Molti di loro hanno configurazioni in cui i giocatori hanno la sensazione di giocare ad una sorta di videogioco, progredendo attraverso diversi livelli, scoprendo nuovi luoghi e guadagnando ricompense modeste ma divertenti lungo la strada.<\/p>\n\n\n\n<p>Leggi anche: <a href=\"https:\/\/podone.io\/it\/live-dealer\/\">I migliori Casin\u00f2 Online con Live Dealer<\/a>.<\/p>\n\n\n\n<h3>Metodi di pagamento<\/h3>\n\n\n\n<p>Un ultimo, ma molto importante, fattore da tenere in considerazione \u00e8 la variet\u00e0 di metodi di pagamento che una piattaforma decide di offrire.<br><br>Se un Casin\u00f2 Online propone solamente un paio di metodi di pagamento con tempistiche di transazione piuttosto lente, \u00e8 molto probabile che non avr\u00e0 mai successo nel mondo del gioco d\u2019azzardo.<br><br>Al contrario, una piattaforma che mette in campo una grande variet\u00e0 di opzioni per il deposito ed il prelievo, con tempistiche quanto pi\u00f9 rapide possibile, allora potr\u00e0 attirare una grande fetta di giocatori.<\/p>\n\n\n\n<p>Un\u2019altra cosa da controllare sempre prima di scegliere un Casin\u00f2 Online \u00e8 la presenza o meno di commissioni. Solitamente nessun Casin\u00f2 andr\u00e0 ad imporre costi nascosti per le transazioni in entrata od in uscita, e l\u2019unica \u201ctassa\u201d da pagare sar\u00e0 solo in riferimento al metodo di pagamento scelto (come commissioni bancarie o contributi alla piattaforma).<\/p>\n\n\n\n<h2>Conclusioni<\/h2>\n\n\n\n<p>Nell\u2019articolo odierno abbiamo elencato i principali fattori da tenere in considerazione quando si vuole scegliere la migliore piattaforma di gioco d\u2019azzardo online in Svizzera.<br><br>Speriamo di esservi stati di aiuto, in modo che adesso, in completa autonomia ed effettuando un\u2019analisi oggettiva, potrete scegliere il miglior sito di giochi da Casin\u00f2 online.<br><br>Per altri consigli o articoli correlati a questo argomento, vi consigliamo di fare un salto sul nostro sito web; non ci resta che augurarvi buona fortuna e vi ricordiamo sempre di giocare con responsabilit\u00e0, in quanto la dipendenza da gioco d\u2019azzardo si pu\u00f2 presentare molto facilmente ed \u00e8 molto difficile da sconfiggere.<\/p>\n\n\n\n<p>Leggi anche: <a href=\"https:\/\/podone.io\/it\/netent\/\">I migliori Casin\u00f2 Online con le slot machines NetEnt<\/a>.<\/p>\n\n\n\n<h2>FAQ<\/h2>\n\n\n        <section        class=\"sc_fs_faq sc_card\"\n\t\t        >\n\t\t\t\t<h2>Come posso determinare se una piattaforma di gioco d&#039;azzardo online \u00e8 affidabile?<\/h2>\t\t        <div>\n\t\t\t            <div class=\"sc_fs_faq__content\">\n\t\t\t\t\n\n<p>Per valutare la reputazione di una piattaforma di gioco d&#8217;azzardo online, cerca recensioni e valutazioni da parte di utenti o osservatori del settore. Inoltre, condurre ricerche sulla storia della piattaforma, sulla longevit\u00e0 e su eventuali riconoscimenti o certificazioni degne di nota che potrebbe aver ottenuto.<\/p>\n\n            <\/div>\n        <\/div>\n        <\/section>\n\t        <section        class=\"sc_fs_faq sc_card\"\n\t\t        >\n\t\t\t\t<h2>Quali tipi di giochi devo aspettarmi da una buona piattaforma di gioco d&#039;azzardo online?<\/h2>\t\t        <div>\n\t\t\t            <div class=\"sc_fs_faq__content\">\n\t\t\t\t\n\n<p>Una piattaforma di gioco d&#8217;azzardo online completa dovrebbe fornire una vasta gamma di giochi per soddisfare le varie preferenze. Ci\u00f2 potrebbe comprendere scelte popolari come slot, giochi da tavolo (come blackjack, roulette, baccarat), video poker, giochi con croupier dal vivo, scommesse sportive e giochi speciali come bingo o gratta e vinci.<\/p>\n\n            <\/div>\n        <\/div>\n        <\/section>\n\t        <section        class=\"sc_fs_faq sc_card\"\n\t\t        >\n\t\t\t\t<h2>Quanto \u00e8 importante la sicurezza nelle piattaforme di gioco d&#039;azzardo online?<\/h2>\t\t        <div>\n\t\t\t            <div class=\"sc_fs_faq__content\">\n\t\t\t\t\n\n<p>Si consiglia di selezionare piattaforme che utilizzano la tecnologia di crittografia SSL per salvaguardare i dati personali e finanziari. Inoltre, assicurati che abbiano implementato misure per il gioco d&#8217;azzardo responsabile e dispongano di meccanismi per prevenire attivit\u00e0 fraudolente.<\/p>\n\n            <\/div>\n        <\/div>\n        <\/section>\n\t        <section        class=\"sc_fs_faq sc_card\"\n\t\t        >\n\t\t\t\t<h2>Quali opzioni di pagamento dovrebbe offrire una piattaforma di gioco d&#039;azzardo online affidabile?<\/h2>\t\t        <div>\n\t\t\t            <div class=\"sc_fs_faq__content\">\n\t\t\t\t\n\n<p>Una piattaforma di gioco d&#8217;azzardo online affidabile dovrebbe offrire una variet\u00e0 di opzioni di pagamento sicure e convenienti, come carte di credito\/debito, portafogli elettronici come PayPal, Neteller e Skrill, bonifici bancari, carte prepagate e persino criptovalute se disponibili<\/p>\n\n            <\/div>\n        <\/div>\n        <\/section>\n\t        <section        class=\"sc_fs_faq sc_card\"\n\t\t        >\n\t\t\t\t<h2>L&#039;assistenza clienti \u00e8 importante quando si sceglie una piattaforma di gioco d&#039;azzardo online?<\/h2>\t\t        <div>\n\t\t\t            <div class=\"sc_fs_faq__content\">\n\t\t\t\t\n\n<p>S\u00ec, l&#8217;assistenza clienti \u00e8 un aspetto essenziale da considerare nella scelta di una piattaforma. Si consiglia di cercare piattaforme che forniscano vari canali di supporto, tra cui live chat, e-mail o supporto telefonico, e verificarne l&#8217;accessibilit\u00e0 e la tempestivit\u00e0 nel rispondere.<\/p>\n\n            <\/div>\n        <\/div>\n        <\/section>\n\t        <section        class=\"sc_fs_faq sc_card\"\n\t\t        >\n\t\t\t\t<h2>Come posso valutare l&#039;esperienza utente di una piattaforma di gioco d&#039;azzardo online?<\/h2>\t\t        <div>\n\t\t\t            <div class=\"sc_fs_faq__content\">\n\t\t\t\t\n\n<p>Quando si valuta l&#8217;esperienza dell&#8217;utente, \u00e8 importante esplorare il sito Web o l&#8217;app mobile della piattaforma. Si dovrebbe cercare un&#8217;interfaccia intuitiva e di facile utilizzo, una navigazione facile e istruzioni chiare.<\/p>\n\n            <\/div>\n        <\/div>\n        <\/section>\n\t        <section        class=\"sc_fs_faq sc_card\"\n\t\t        >\n\t\t\t\t<h2>Esistono limiti di et\u00e0 per le piattaforme di gioco d&#039;azzardo online?<\/h2>\t\t        <div>\n\t\t\t            <div class=\"sc_fs_faq__content\">\n\t\t\t\t\n\n<p>S\u00ec, le piattaforme di gioco d&#8217;azzardo online generalmente impongono limiti di et\u00e0 per aderire alle normative legali. Il requisito di et\u00e0 minima varia a seconda della giurisdizione, in genere \u00e8 di 18 o 21 anni.<\/p>\n\n            <\/div>\n        <\/div>\n        <\/section>\n\t        <section        class=\"sc_fs_faq sc_card\"\n\t\t        >\n\t\t\t\t<h2>Posso utilizzare pi\u00f9 piattaforme di gioco d&#039;azzardo online?<\/h2>\t\t        <div>\n\t\t\t            <div class=\"sc_fs_faq__content\">\n\t\t\t\t\n\n<p>S\u00cc. I giocatori hanno la possibilit\u00e0 di utilizzare pi\u00f9 piattaforme di gioco online se scelgono di farlo. Non \u00e8 raro che i giocatori abbiano account su piattaforme diverse per accedere a una pi\u00f9 ampia variet\u00e0 di giochi, promozioni o quote potenzialmente migliori.<\/p>\n\n            <\/div>\n        <\/div>\n        <\/section>\n\t\n<script type=\"application\/ld+json\">\n    {\n        \"@context\": \"https:\/\/schema.org\",\n        \"@type\": \"FAQPage\",\n        \"mainEntity\": [\n                    {\n                \"@type\": \"Question\",\n                \"name\": \"Come posso determinare se una piattaforma di gioco d&#039;azzardo online \u00e8 affidabile?\",\n                \"acceptedAnswer\": {\n                    \"@type\": \"Answer\",\n                    \"text\": \"\n\nPer valutare la reputazione di una piattaforma di gioco d'azzardo online, cerca recensioni e valutazioni da parte di utenti o osservatori del settore. Inoltre, condurre ricerche sulla storia della piattaforma, sulla longevit\u00e0 e su eventuali riconoscimenti o certificazioni degne di nota che potrebbe aver ottenuto.\n\n\"\n                                    }\n            }\n            ,\t            {\n                \"@type\": \"Question\",\n                \"name\": \"Quali tipi di giochi devo aspettarmi da una buona piattaforma di gioco d&#039;azzardo online?\",\n                \"acceptedAnswer\": {\n                    \"@type\": \"Answer\",\n                    \"text\": \"\n\nUna piattaforma di gioco d'azzardo online completa dovrebbe fornire una vasta gamma di giochi per soddisfare le varie preferenze. Ci\u00f2 potrebbe comprendere scelte popolari come slot, giochi da tavolo (come blackjack, roulette, baccarat), video poker, giochi con croupier dal vivo, scommesse sportive e giochi speciali come bingo o gratta e vinci.\n\n\"\n                                    }\n            }\n            ,\t            {\n                \"@type\": \"Question\",\n                \"name\": \"Quanto \u00e8 importante la sicurezza nelle piattaforme di gioco d&#039;azzardo online?\",\n                \"acceptedAnswer\": {\n                    \"@type\": \"Answer\",\n                    \"text\": \"\n\nSi consiglia di selezionare piattaforme che utilizzano la tecnologia di crittografia SSL per salvaguardare i dati personali e finanziari. Inoltre, assicurati che abbiano implementato misure per il gioco d'azzardo responsabile e dispongano di meccanismi per prevenire attivit\u00e0 fraudolente.\n\n\"\n                                    }\n            }\n            ,\t            {\n                \"@type\": \"Question\",\n                \"name\": \"Quali opzioni di pagamento dovrebbe offrire una piattaforma di gioco d&#039;azzardo online affidabile?\",\n                \"acceptedAnswer\": {\n                    \"@type\": \"Answer\",\n                    \"text\": \"\n\nUna piattaforma di gioco d'azzardo online affidabile dovrebbe offrire una variet\u00e0 di opzioni di pagamento sicure e convenienti, come carte di credito\/debito, portafogli elettronici come PayPal, Neteller e Skrill, bonifici bancari, carte prepagate e persino criptovalute se disponibili\n\n\"\n                                    }\n            }\n            ,\t            {\n                \"@type\": \"Question\",\n                \"name\": \"L&#039;assistenza clienti \u00e8 importante quando si sceglie una piattaforma di gioco d&#039;azzardo online?\",\n                \"acceptedAnswer\": {\n                    \"@type\": \"Answer\",\n                    \"text\": \"\n\nS\u00ec, l'assistenza clienti \u00e8 un aspetto essenziale da considerare nella scelta di una piattaforma. Si consiglia di cercare piattaforme che forniscano vari canali di supporto, tra cui live chat, e-mail o supporto telefonico, e verificarne l'accessibilit\u00e0 e la tempestivit\u00e0 nel rispondere.\n\n\"\n                                    }\n            }\n            ,\t            {\n                \"@type\": \"Question\",\n                \"name\": \"Come posso valutare l&#039;esperienza utente di una piattaforma di gioco d&#039;azzardo online?\",\n                \"acceptedAnswer\": {\n                    \"@type\": \"Answer\",\n                    \"text\": \"\n\nQuando si valuta l'esperienza dell'utente, \u00e8 importante esplorare il sito Web o l'app mobile della piattaforma. Si dovrebbe cercare un'interfaccia intuitiva e di facile utilizzo, una navigazione facile e istruzioni chiare.\n\n\"\n                                    }\n            }\n            ,\t            {\n                \"@type\": \"Question\",\n                \"name\": \"Esistono limiti di et\u00e0 per le piattaforme di gioco d&#039;azzardo online?\",\n                \"acceptedAnswer\": {\n                    \"@type\": \"Answer\",\n                    \"text\": \"\n\nS\u00ec, le piattaforme di gioco d'azzardo online generalmente impongono limiti di et\u00e0 per aderire alle normative legali. Il requisito di et\u00e0 minima varia a seconda della giurisdizione, in genere \u00e8 di 18 o 21 anni.\n\n\"\n                                    }\n            }\n            ,\t            {\n                \"@type\": \"Question\",\n                \"name\": \"Posso utilizzare pi\u00f9 piattaforme di gioco d&#039;azzardo online?\",\n                \"acceptedAnswer\": {\n                    \"@type\": \"Answer\",\n                    \"text\": \"\n\nS\u00cc. I giocatori hanno la possibilit\u00e0 di utilizzare pi\u00f9 piattaforme di gioco online se scelgono di farlo. Non \u00e8 raro che i giocatori abbiano account su piattaforme diverse per accedere a una pi\u00f9 ampia variet\u00e0 di giochi, promozioni o quote potenzialmente migliori.\n\n\"\n                                    }\n            }\n            \t        ]\n    }\n<\/script>\n\n\n\n<p><\/p>\n","protected":false},"excerpt":{"rendered":"<p>Nell\u2019articolo di oggi andremo a vedere quali sono i consigli principali da tenere bene a mente quando si vuole scegliere una piattaforma di gioco d\u2019azzardo online in Svizzera,&#8230;<\/p>\n","protected":false},"author":1,"featured_media":0,"parent":0,"menu_order":0,"comment_status":"closed","ping_status":"closed","template":"","meta":[],"yoast_head":"<!-- This site is optimized with the Yoast SEO plugin v15.3 - https:\/\/yoast.com\/wordpress\/plugins\/seo\/ -->\n<title>Guida ai casino online in Svizzera 2026: come trovare il miglior casino<\/title>\n<meta name=\"description\" content=\"Nell\u2019articolo di oggi andremo a vedere quali sono i consigli principali da tenere bene a mente quando si vuole scegliere una piattaforma di gioco d\u2019azzardo online in Svizzera, in modo che, in completa autonomia, potrete trovare i migliori casin\u00f2 online presenti attualmente sul mercato\" \/>\n<meta name=\"robots\" content=\"index, follow, max-snippet:-1, max-image-preview:large, max-video-preview:-1\" \/>\n<link rel=\"canonical\" href=\"https:\/\/podone.io\/it\/\" \/>\n<meta property=\"og:locale\" content=\"it_IT\" \/>\n<meta property=\"og:type\" content=\"article\" \/>\n<meta property=\"og:title\" content=\"Guida ai casino online in Svizzera 2026: come trovare il miglior casino\" \/>\n<meta property=\"og:description\" content=\"Nell\u2019articolo di oggi andremo a vedere quali sono i consigli principali da tenere bene a mente quando si vuole scegliere una piattaforma di gioco d\u2019azzardo online in Svizzera, in modo che, in completa autonomia, potrete trovare i migliori casin\u00f2 online presenti attualmente sul mercato\" \/>\n<meta property=\"og:url\" content=\"https:\/\/podone.io\/it\/\" \/>\n<meta property=\"og:site_name\" content=\"Podone\u2019s \ud83d\udc9b Svenska Spelsajter f\u00f6r Betting och Online Casino %%currentyear%%\" \/>\n<meta property=\"article:modified_time\" content=\"2023-07-07T09:51:17+00:00\" \/>\n<meta property=\"og:image\" content=\"https:\/\/podone.io\/wp-content\/uploads\/2021\/12\/Nomini-casino.jpg\" \/>\n<meta name=\"twitter:card\" content=\"summary_large_image\" \/>\n<meta name=\"twitter:label1\" content=\"Scritto da\">\n\t<meta name=\"twitter:data1\" content=\"smoggyarmadillo1e816e42\">\n\t<meta name=\"twitter:label2\" content=\"Tempo di lettura stimato\">\n\t<meta name=\"twitter:data2\" content=\"5 minuti\">\n<script type=\"application\/ld+json\" class=\"yoast-schema-graph\">{\"@context\":\"https:\/\/schema.org\",\"@graph\":[{\"@type\":\"WebSite\",\"@id\":\"https:\/\/podone.io\/#website\",\"url\":\"https:\/\/podone.io\/\",\"name\":\"Podone\\u2019s \\ud83d\\udc9b Svenska Spelsajter f\\u00f6r Betting och Online Casino %%currentyear%%\",\"description\":\"De b\\u00e4sta svenska spelsajterna i Sverige f\\u00f6r betting och casino av Podone. Spelbolag topplista \\u00bb Hitta de b\\u00e4sta bonusarna, b\\u00e4sta spelen och de hetaste sloten.\",\"potentialAction\":[{\"@type\":\"SearchAction\",\"target\":\"https:\/\/podone.io\/?s={search_term_string}\",\"query-input\":\"required name=search_term_string\"}],\"inLanguage\":\"it-IT\"},{\"@type\":\"ImageObject\",\"@id\":\"https:\/\/podone.io\/it\/#primaryimage\",\"inLanguage\":\"it-IT\",\"url\":\"https:\/\/podone.io\/wp-content\/uploads\/2021\/12\/Nomini-casino.jpg\",\"width\":680,\"height\":209},{\"@type\":\"WebPage\",\"@id\":\"https:\/\/podone.io\/it\/#webpage\",\"url\":\"https:\/\/podone.io\/it\/\",\"name\":\"Guida ai casino online in Svizzera 2026: come trovare il miglior casino\",\"isPartOf\":{\"@id\":\"https:\/\/podone.io\/#website\"},\"primaryImageOfPage\":{\"@id\":\"https:\/\/podone.io\/it\/#primaryimage\"},\"datePublished\":\"2021-12-02T08:46:43+00:00\",\"dateModified\":\"2023-07-07T09:51:17+00:00\",\"description\":\"Nell\\u2019articolo di oggi andremo a vedere quali sono i consigli principali da tenere bene a mente quando si vuole scegliere una piattaforma di gioco d\\u2019azzardo online in Svizzera, in modo che, in completa autonomia, potrete trovare i migliori casin\\u00f2 online presenti attualmente sul mercato\",\"inLanguage\":\"it-IT\",\"potentialAction\":[{\"@type\":\"ReadAction\",\"target\":[\"https:\/\/podone.io\/it\/\"]}]}]}<\/script>\n<!-- \/ Yoast SEO plugin. -->","_links":{"self":[{"href":"https:\/\/podone.io\/it\/wp-json\/wp\/v2\/pages\/264"}],"collection":[{"href":"https:\/\/podone.io\/it\/wp-json\/wp\/v2\/pages"}],"about":[{"href":"https:\/\/podone.io\/it\/wp-json\/wp\/v2\/types\/page"}],"author":[{"embeddable":true,"href":"https:\/\/podone.io\/it\/wp-json\/wp\/v2\/users\/1"}],"replies":[{"embeddable":true,"href":"https:\/\/podone.io\/it\/wp-json\/wp\/v2\/comments?post=264"}],"version-history":[{"count":7,"href":"https:\/\/podone.io\/it\/wp-json\/wp\/v2\/pages\/264\/revisions"}],"predecessor-version":[{"id":390,"href":"https:\/\/podone.io\/it\/wp-json\/wp\/v2\/pages\/264\/revisions\/390"}],"wp:attachment":[{"href":"https:\/\/podone.io\/it\/wp-json\/wp\/v2\/media?parent=264"}],"curies":[{"name":"wp","href":"https:\/\/api.w.org\/{rel}","templated":true}]}}