{"id":384,"date":"2023-06-07T08:12:02","date_gmt":"2023-06-07T06:12:02","guid":{"rendered":"https:\/\/podone.io\/?page_id=384"},"modified":"2023-06-07T08:12:04","modified_gmt":"2023-06-07T06:12:04","slug":"casino-non-aams","status":"publish","type":"page","link":"https:\/\/podone.io\/it\/casino-non-aams\/","title":{"rendered":"Siti casin\u00f2 non AAMS: come scegliere i migliori casin\u00f2 stranieri"},"content":{"rendered":"\n<p>Se sei alla ricerca di un casin\u00f2 sei nel posto giusto perch\u00e8 oggi ne parleremo <a href=\"https:\/\/scommessestranieri.com\/\">dei siti non AAMS<\/a>ovvero quelli non regolati dalla ADM italiana. I casin\u00f2 non AAMS rappresentano un\u2019alternativa per i giocatori d\u2019azzardo online che cercano migliori opzioni di gioco rispetto a quelli italiani, \u00e8 quindi importante scegliere i siti affidabili per proteggere i nostri dati e le informazioni personali.<\/p>\n\n\n\n<h2>Sono affidabili i casin\u00f2 non AAMS?<\/h2>\n\n\n\n<p>Questa domanda ci viene subito in mente quando vediamo un sito che pu\u00f2 essere interesante. Ci sono una serie di criteri da tenere sotto mano se decidiamo di aprire un conto di gioco:<\/p>\n\n\n\n<ul><li>Licenza del casino non AAMS<\/li><li>Bonus interessanti<\/li><li>Protezione SSL<\/li><li>Assortimento di giochi<\/li><li>Tempistiche rapide delle transazioni<\/li><li>Supporto tecnico<\/li><li>Metodi di pagamento.<\/li><\/ul>\n\n\n\n<p>Partendo dal punto di vista che questi siti non sono sotto la visione della <strong>ADM <\/strong>non vuol dire che non sono affidabili anche se hanno una licenza diversa da quelle ritenute migliori. Giocare su un casin\u00f2 con una licenza regolare in Europa possiamo dire \u00e8 stato sottomesso a dei controlli e le vincite vengono attribuite ai giocatori.<\/p>\n\n\n\n<h2>Diversit\u00e0<\/h2>\n\n\n\n<p>Se hai un conto di gioco su un sito non-aams impossibile non osservare la mancanza di richiesta di documenti da parte del casin\u00f2. Primo \u201cred flag\u201d in teoria, ma non \u00e8 sempre vero. La maggiore parte dei siti non-aams non richiedono al giocatore di inserire i propri documenti a contrario di quanto avviene in Italia. Questa caratteristica porta il giocatore a scommettere o giocare subito senza dovere effettuare dei lavori birocratici che sono noiosi e avvolte richiedono del tempo per essere regolari. Vi \u00e8 un fattore chiave alla velocit\u00e0 di gioco, la registrazione su questi siti richiede pochi secondi.<\/p>\n\n\n\n<h2>Licenze da considerare<\/h2>\n\n\n\n<p>Come detto sopra, i siti non-aams non sono illegali ma dobbiamo sempre leggere i termini e le condizioni del casin\u00f2, esistono alcune licenze considerate affidabile. Vediamo una lista di seguito:<\/p>\n\n\n\n<ol><li><strong>UKGC &#8211; UK Gambling Commission<\/strong>: una licenza che si ottiene in Gran Bretagna che prevede delle regole decisamente forti da rispettare per ottenerla e potere accettare scommesse o giochi d\u2019azzardo.<\/li><li><strong>MGA &#8211; Malta Gaming Authotity<\/strong>: una delle licenze molto diffuse in Europa che effettua spesso dei controlli rigorosi, i siti con questa licenza sono certamente molto affidabili.<\/li><li><strong>Curacao<\/strong>: quando cerchiamo un casin\u00f2 estero vedremo questo ente presente nella maggiore parte di questi, \u00e8 una licenza statale con controlli spessi ed \u00e8 certamente affidabile.<\/li><li><strong>Alderney<\/strong>: \u00e8 un ente creato nel 2000 e da quel momento molti casin\u00f2 hanno fatto richiesta di ottenerla ma non \u00e8 semplice perch\u00e8 vengono effettuate delle verifiche molto dure.<\/li><li><strong>Antigua e Barbuda<\/strong>: il governo di quest\u2019isola \u00e8 tra i primi a combattere il gioco d\u2019azzardo illegale e ottenere una licenza non \u00e8 semplice, \u00e8 uno degli enti vecchi, attivo sul mercato dal 1994.<\/li><li><strong>Gibilterra<\/strong>: una licenza molto popolare in Europa perch\u00e8 segue una serie di leggi valide su tutto il continente e allora possiamo dire che \u00e8 molto affidabile.<\/li><li><strong>Isola di Man<\/strong>: un ente non molto diffuso sul territorio europeo ma certamente molto affidabile se guardiamo la sua nascita, 1962.<\/li><li><strong>Kahnawake<\/strong>: questo ente non \u00e8 basato in Europa ma combatte i giochi truccati e le truffe verso i giocatori.<\/li><\/ol>\n\n\n\n<h2>Come registrarsi su un casino non AAMS?<\/h2>\n\n\n\n<p>Come accennato sopra, la registrazione su questi tipi di casin\u00f2 non \u00e8 difficile e pertanto possiamo dire che \u00e8 simile a quella classica in Italia. Abbiamo individuato alcuni top casin\u00f2 dove possiamo giocare legalmente e in modo sicuro, ne parleremo di seguito ma prima si deve:<\/p>\n\n\n\n<ol><li><a href=\"https:\/\/casinononaams.net\/\">Trova il miglior casin\u00f2 non AAMS con pagamenti veloci<\/a><\/li><li>cliccare su \u201cRegistrati\u201d<\/li><li>inserire alcuni dati richiesti (e\u2019mail, password, username)<\/li><li>effettuare un deposito.<\/li><\/ol>\n\n\n\n<p>Molto semplice, dopo avere effettuato questi passi, possiamo subito scommettere o usare i giochi slot perch\u00e8 la maggioranza di questi siti non richiedono alcun tipo di documento.<\/p>\n\n\n\n<h2>Top casin\u00f2 online non AAMS per i giocatori italiani<\/h2>\n\n\n\n<figure class=\"wp-block-table\"><table><tbody><tr><td><strong>\u2116<\/strong><\/td><td><strong>Casin\u00f2 non AAMS<\/strong><\/td><td><strong>Bonus<\/strong><\/td><td><strong>Licenza<\/strong><\/td><\/tr><tr><td><strong>1<\/strong><\/td><td><strong>Dolly Casino<\/strong><\/td><td>\u20ac500 + 100 FS<\/td><td>Curacao 8048<\/td><\/tr><tr><td><strong>2<\/strong><\/td><td><strong>SnatchCasino<\/strong><\/td><td>\u20ac6000 + 325 FS<\/td><td>Curacao 8048<\/td><\/tr><tr><td><strong>3<\/strong><\/td><td><strong>Casinia<\/strong><\/td><td>\u20ac500 + 200 FS<\/td><td>Curacao 8048<\/td><\/tr><tr><td><strong>4<\/strong><\/td><td><strong>Jupi Casino<\/strong><\/td><td>120% fino a \u20ac600<\/td><td>Curacao 8048<\/td><\/tr><tr><td><strong>5<\/strong><\/td><td><strong>Slotimo<\/strong><\/td><td>\u20ac1000<\/td><td>Curacao 8048<\/td><\/tr><tr><td><strong>6<\/strong><\/td><td><strong>CosmicSlot<\/strong><\/td><td>\u20ac500 + 100 FS<\/td><td>Curacao 8048<\/td><\/tr><tr><td><strong>7<\/strong><\/td><td><strong>iWild Casino<\/strong><\/td><td>\u20ac3500 + 270 FS<\/td><td>Curacao 8048<\/td><\/tr><tr><td><strong>8<\/strong><\/td><td><strong>18bet Casino<\/strong><\/td><td>100% fino a \u20ac500<\/td><td>MGA\/B2C\/409\/2017<\/td><\/tr><tr><td><strong>9<\/strong><\/td><td><strong>Boomerang<\/strong><\/td><td>\u20ac500 + 200 FS<\/td><td>Curacao 8048<\/td><\/tr><tr><td><strong>10<\/strong><\/td><td><strong>Powbet<\/strong><\/td><td>\u20ac500 + 200 FS<\/td><td>Curacao 8048<\/td><\/tr><tr><td><strong>11<\/strong><\/td><td><strong>22Bet<\/strong><\/td><td>100% fino a \u20ac300<\/td><td>Curacao 8048<\/td><\/tr><tr><td><strong>12<\/strong><\/td><td><strong>5gringos<\/strong><\/td><td>\u20ac500 + 100 FS<\/td><td>Curacao 8048<\/td><\/tr><tr><td><strong>13<\/strong><\/td><td><strong>Spin Samba<\/strong><\/td><td>\u20ac3000 + 150 FS<\/td><td>Curacao 1668<\/td><\/tr><tr><td><strong>14<\/strong><\/td><td><strong>20Bet<\/strong><\/td><td>\u20ac120 + 120 FS<\/td><td>Curacao 8048<\/td><\/tr><tr><td><strong>15<\/strong><\/td><td><strong>Spintropolis<\/strong><\/td><td>\u20ac500 + 100 FS<\/td><td>Curacao 365<\/td><\/tr><\/tbody><\/table><\/figure>\n\n\n\n<p>Come possiamo osservare dalla tabella, abbiamo molte possibilit\u00e0 di gioco con bonus estremamente buoni. Ci rimane solo da sceglierne uno e giocare.<\/p>\n\n\n\n<h2>Metodi di pagamento e prelievo<\/h2>\n\n\n\n<p>Anche i metodi di pagamento sono molto importanti, dobbiamo sempre vedere sui siti i metodi a disposizione che sono specificati di solito in basso. Oltre ai titoli classici come Visa, MasterCard abbiamo a disposizione anche portafogli elettronici, carte prepagate o le criptovalute.<\/p>\n\n\n\n<figure class=\"wp-block-table\"><table class=\"has-fixed-layout\"><tbody><tr><td><strong>Metodo di pagamento<\/strong><\/td><td><strong>Tipologia<\/strong><\/td><td><strong>Tempistiche di deposito<\/strong><\/td><td><strong>Tempistiche di prelievo<\/strong><\/td><\/tr><tr><td><strong>PayPal<\/strong><\/td><td>E-wallet<\/td><td>Immediato<\/td><td>Immediato<\/td><\/tr><tr><td><strong>Visa<\/strong><\/td><td>Carta di credito\/debito<\/td><td>Immediato<\/td><td>1 \u2013 2 giorni<\/td><\/tr><tr><td><strong>Mastercard<\/strong><\/td><td>Carta<\/td><td>Immediato<\/td><td>1 \u2013 3 giorni<\/td><\/tr><tr><td><strong>Paysafecard<\/strong><\/td><td>Carta prepagata<\/td><td>Immediato<\/td><td>N\/d<\/td><\/tr><tr><td><strong>Skrill<\/strong><\/td><td>E-wallet<\/td><td>Immediato<\/td><td>Immediato<\/td><\/tr><tr><td><strong>Neteller<\/strong><\/td><td>E-wallet<\/td><td>Immediato<\/td><td>Immediato<\/td><\/tr><\/tbody><\/table><\/figure>\n\n\n\n<p>Possiamo osservare che non ci sono delle differenze maggiori rispetto ai siti <strong>ADM<\/strong>. Da ricordare il fatto che non devono esserci alcun tipo di commissioni in pi\u00f9 al deposito o al ritiro rispetto ai siti ADM, nel caso in cui questo succede \u00e8 un \u201cred flag\u201d e dobbiamo subito chiudere il conto di gioco e cambiare il casin\u00f2.<\/p>\n\n\n\n<h2>Conclusioni<\/h2>\n\n\n\n<p>Se dovessi cercare un casin\u00f2 non AAMS devi sapere che non sono per niente meno sicuri o illegali rispetto a quelli <strong>ADM <\/strong>anzi, avvolte troviamo offerte migliori su questi. Come specificato sopra ci sono dei punti da tenere conto, sopratutto le licenze. In questo tipo di casin\u00f2 si consiglia sempre di usare metodi di pagamento dove non inseriamo i nostri dati personali. Abbiamo a disposizione le criptovalute per chi in possesso oppure le carte prepagate.<\/p>\n","protected":false},"excerpt":{"rendered":"<p>Se sei alla ricerca di un casin\u00f2 sei nel posto giusto perch\u00e8 oggi ne parleremo dei siti non AAMSovvero quelli non regolati dalla ADM italiana. I casin\u00f2 non&#8230;<\/p>\n","protected":false},"author":1,"featured_media":0,"parent":0,"menu_order":0,"comment_status":"closed","ping_status":"closed","template":"","meta":[],"yoast_head":"<!-- This site is optimized with the Yoast SEO plugin v15.3 - https:\/\/yoast.com\/wordpress\/plugins\/seo\/ -->\n<title>Casin\u00f2 non AAMS: come scegliere i migliori siti di casin\u00f2 online stranieri nel 2026<\/title>\n<meta name=\"description\" content=\"Scopri come valutare e scegliere i migliori siti non AAMS sicuri e casino non AAMS legali. Leggi in questa guida!\" \/>\n<meta name=\"robots\" content=\"index, follow, max-snippet:-1, max-image-preview:large, max-video-preview:-1\" \/>\n<link rel=\"canonical\" href=\"https:\/\/podone.io\/it\/casino-non-aams\/\" \/>\n<meta property=\"og:locale\" content=\"it_IT\" \/>\n<meta property=\"og:type\" content=\"article\" \/>\n<meta property=\"og:title\" content=\"Casin\u00f2 non AAMS: come scegliere i migliori siti di casin\u00f2 online stranieri nel 2026\" \/>\n<meta property=\"og:description\" content=\"Scopri come valutare e scegliere i migliori siti non AAMS sicuri e casino non AAMS legali. Leggi in questa guida!\" \/>\n<meta property=\"og:url\" content=\"https:\/\/podone.io\/it\/casino-non-aams\/\" \/>\n<meta property=\"og:site_name\" content=\"Podone\u2019s \ud83d\udc9b Svenska Spelsajter f\u00f6r Betting och Online Casino %%currentyear%%\" \/>\n<meta property=\"article:modified_time\" content=\"2023-06-07T06:12:04+00:00\" \/>\n<meta name=\"twitter:card\" content=\"summary_large_image\" \/>\n<meta name=\"twitter:label1\" content=\"Scritto da\">\n\t<meta name=\"twitter:data1\" content=\"smoggyarmadillo1e816e42\">\n\t<meta name=\"twitter:label2\" content=\"Tempo di lettura stimato\">\n\t<meta name=\"twitter:data2\" content=\"4 minuti\">\n<script type=\"application\/ld+json\" class=\"yoast-schema-graph\">{\"@context\":\"https:\/\/schema.org\",\"@graph\":[{\"@type\":\"WebSite\",\"@id\":\"https:\/\/podone.io\/#website\",\"url\":\"https:\/\/podone.io\/\",\"name\":\"Podone\\u2019s \\ud83d\\udc9b Svenska Spelsajter f\\u00f6r Betting och Online Casino %%currentyear%%\",\"description\":\"De b\\u00e4sta svenska spelsajterna i Sverige f\\u00f6r betting och casino av Podone. Spelbolag topplista \\u00bb Hitta de b\\u00e4sta bonusarna, b\\u00e4sta spelen och de hetaste sloten.\",\"potentialAction\":[{\"@type\":\"SearchAction\",\"target\":\"https:\/\/podone.io\/?s={search_term_string}\",\"query-input\":\"required name=search_term_string\"}],\"inLanguage\":\"it-IT\"},{\"@type\":\"WebPage\",\"@id\":\"https:\/\/podone.io\/it\/casino-non-aams\/#webpage\",\"url\":\"https:\/\/podone.io\/it\/casino-non-aams\/\",\"name\":\"Casin\\u00f2 non AAMS: come scegliere i migliori siti di casin\\u00f2 online stranieri nel 2026\",\"isPartOf\":{\"@id\":\"https:\/\/podone.io\/#website\"},\"datePublished\":\"2023-06-07T06:12:02+00:00\",\"dateModified\":\"2023-06-07T06:12:04+00:00\",\"description\":\"Scopri come valutare e scegliere i migliori siti non AAMS sicuri e casino non AAMS legali. Leggi in questa guida!\",\"inLanguage\":\"it-IT\",\"potentialAction\":[{\"@type\":\"ReadAction\",\"target\":[\"https:\/\/podone.io\/it\/casino-non-aams\/\"]}]}]}<\/script>\n<!-- \/ Yoast SEO plugin. -->","_links":{"self":[{"href":"https:\/\/podone.io\/it\/wp-json\/wp\/v2\/pages\/384"}],"collection":[{"href":"https:\/\/podone.io\/it\/wp-json\/wp\/v2\/pages"}],"about":[{"href":"https:\/\/podone.io\/it\/wp-json\/wp\/v2\/types\/page"}],"author":[{"embeddable":true,"href":"https:\/\/podone.io\/it\/wp-json\/wp\/v2\/users\/1"}],"replies":[{"embeddable":true,"href":"https:\/\/podone.io\/it\/wp-json\/wp\/v2\/comments?post=384"}],"version-history":[{"count":1,"href":"https:\/\/podone.io\/it\/wp-json\/wp\/v2\/pages\/384\/revisions"}],"predecessor-version":[{"id":385,"href":"https:\/\/podone.io\/it\/wp-json\/wp\/v2\/pages\/384\/revisions\/385"}],"wp:attachment":[{"href":"https:\/\/podone.io\/it\/wp-json\/wp\/v2\/media?parent=384"}],"curies":[{"name":"wp","href":"https:\/\/api.w.org\/{rel}","templated":true}]}}